{"id":36,"date":"2018-05-19T19:18:23","date_gmt":"2018-05-19T17:18:23","guid":{"rendered":"http:\/\/www.indep-conseil.fr\/?page_id=36"},"modified":"2018-05-19T19:20:00","modified_gmt":"2018-05-19T17:20:00","slug":"nos-prestations","status":"publish","type":"page","link":"https:\/\/www.indep-conseil.fr\/?page_id=36","title":{"rendered":"Nos prestations"},"content":{"rendered":"<p>Audit, analyse de l\u2019existant, d\u00e9finition des priorit\u00e9s de l\u2019entreprise dans le cadre de son d\u00e9veloppement\u00a0;<\/p>\n<p>Pr\u00e9conisation des m\u00e9thodologies et des technologies \u00e0 employer\u00a0;<\/p>\n<p>Conseil dans la mise en \u0153uvre de nouvelles technologies\u00a0;<\/p>\n<p>D\u00e9finition des \u00e9changes d\u2019information entre les services de l\u2019entreprise, ses clients, fournisseurs et partenaires\u00a0;<\/p>\n<p>Analyse de l\u2019impact sur l\u2019organisation, l\u2019adaptation et la formation\u00a0;<\/p>\n<p>Recherche de financements publics ou priv\u00e9s avec montage et suivi des dossiers\u00a0;<\/p>\n<p>D\u00e9finition, r\u00e9daction de cahier des charges, recherche et qualification des prestataires associ\u00e9s\u00a0; lancement d\u2019appel d\u2019offres, d\u00e9pouillement et aide au choix\u00a0;<\/p>\n<p>Suivi, mise en \u0153uvre technique et accompagnement dans le temps des projets\u00a0;<\/p>\n<p>Assistance \u00e0 ma\u00eetrise d\u2019ouvrage dans le cadre de projets complexes\u00a0;<\/p>\n<p>Assistance \u00e0 ma\u00eetrise d\u2019\u0153uvre, qualification, tests, recettes, formation, hot-line\u00a0;<\/p>\n<p>Management d\u2019\u00e9quipes pluridisciplinaires internes et externes.<\/p>\n","protected":false},"excerpt":{"rendered":"<p>Audit, analyse de l\u2019existant, d\u00e9finition des priorit\u00e9s de l\u2019entreprise dans le cadre de son d\u00e9veloppement\u00a0; Pr\u00e9conisation des m\u00e9thodologies et des technologies \u00e0 employer\u00a0; Conseil dans la mise en \u0153uvre de nouvelles technologies\u00a0; D\u00e9finition des \u00e9changes d\u2019information entre les services de l\u2019entreprise, ses clients, fournisseurs et partenaires\u00a0; Analyse de l\u2019impact sur l\u2019organisation, l\u2019adaptation et la formation\u00a0; [&hellip;]<\/p>\n","protected":false},"author":1,"featured_media":0,"parent":0,"menu_order":0,"comment_status":"closed","ping_status":"closed","template":"","meta":{"footnotes":""},"class_list":["post-36","page","type-page","status-publish","hentry"],"_links":{"self":[{"href":"https:\/\/www.indep-conseil.fr\/index.php?rest_route=\/wp\/v2\/pages\/36","targetHints":{"allow":["GET"]}}],"collection":[{"href":"https:\/\/www.indep-conseil.fr\/index.php?rest_route=\/wp\/v2\/pages"}],"about":[{"href":"https:\/\/www.indep-conseil.fr\/index.php?rest_route=\/wp\/v2\/types\/page"}],"author":[{"embeddable":true,"href":"https:\/\/www.indep-conseil.fr\/index.php?rest_route=\/wp\/v2\/users\/1"}],"replies":[{"embeddable":true,"href":"https:\/\/www.indep-conseil.fr\/index.php?rest_route=%2Fwp%2Fv2%2Fcomments&post=36"}],"version-history":[{"count":2,"href":"https:\/\/www.indep-conseil.fr\/index.php?rest_route=\/wp\/v2\/pages\/36\/revisions"}],"predecessor-version":[{"id":39,"href":"https:\/\/www.indep-conseil.fr\/index.php?rest_route=\/wp\/v2\/pages\/36\/revisions\/39"}],"wp:attachment":[{"href":"https:\/\/www.indep-conseil.fr\/index.php?rest_route=%2Fwp%2Fv2%2Fmedia&parent=36"}],"curies":[{"name":"wp","href":"https:\/\/api.w.org\/{rel}","templated":true}]}}