{"id":2,"date":"2018-05-19T18:53:18","date_gmt":"2018-05-19T16:53:18","guid":{"rendered":"http:\/\/www.indep-conseil.fr\/?page_id=2"},"modified":"2023-10-13T09:49:42","modified_gmt":"2023-10-13T07:49:42","slug":"page-d-exemple","status":"publish","type":"page","link":"https:\/\/www.indep-conseil.fr\/","title":{"rendered":"INDEP CONSEIL depuis 2012"},"content":{"rendered":"<p>Professionnels des Syst\u00e8mes d&rsquo;Information depuis plus de 35 ans, nous avons acquis une forte exp\u00e9rience de direction de projets complexes dans le monde des services aussi bien que dans celui de l&rsquo;industrie. Habitu\u00e9 \u00e0 g\u00e9rer des projets multi-comp\u00e9tences et multi-intervenants, nous vous proposons notre expertise pour r\u00e9pondre \u00e0 vos demandes et \u00e0 l&rsquo;exigence de vos projets.<\/p>\n<p>La diversit\u00e9 de nos champs d\u2019intervention nous laisse \u00e0 penser que notre parcours peut rejoindre le votre. Nous avons les comp\u00e9tences, le recul, le sens du contact et du conseil pour satisfaire \u00e0 vos exigences et \u00e0 celles de vos clients.<\/p>\n","protected":false},"excerpt":{"rendered":"","protected":false},"author":1,"featured_media":0,"parent":0,"menu_order":0,"comment_status":"closed","ping_status":"open","template":"","meta":{"footnotes":""},"class_list":["post-2","page","type-page","status-publish","hentry"],"_links":{"self":[{"href":"https:\/\/www.indep-conseil.fr\/index.php?rest_route=\/wp\/v2\/pages\/2","targetHints":{"allow":["GET"]}}],"collection":[{"href":"https:\/\/www.indep-conseil.fr\/index.php?rest_route=\/wp\/v2\/pages"}],"about":[{"href":"https:\/\/www.indep-conseil.fr\/index.php?rest_route=\/wp\/v2\/types\/page"}],"author":[{"embeddable":true,"href":"https:\/\/www.indep-conseil.fr\/index.php?rest_route=\/wp\/v2\/users\/1"}],"replies":[{"embeddable":true,"href":"https:\/\/www.indep-conseil.fr\/index.php?rest_route=%2Fwp%2Fv2%2Fcomments&post=2"}],"version-history":[{"count":7,"href":"https:\/\/www.indep-conseil.fr\/index.php?rest_route=\/wp\/v2\/pages\/2\/revisions"}],"predecessor-version":[{"id":65,"href":"https:\/\/www.indep-conseil.fr\/index.php?rest_route=\/wp\/v2\/pages\/2\/revisions\/65"}],"wp:attachment":[{"href":"https:\/\/www.indep-conseil.fr\/index.php?rest_route=%2Fwp%2Fv2%2Fmedia&parent=2"}],"curies":[{"name":"wp","href":"https:\/\/api.w.org\/{rel}","templated":true}]}}